{"id":32081,"date":"2018-10-17T14:05:53","date_gmt":"2018-10-17T12:05:53","guid":{"rendered":"https:\/\/capacitador.info\/contacto\/"},"modified":"2020-07-24T18:18:36","modified_gmt":"2020-07-24T16:18:36","slug":"contacto","status":"publish","type":"page","link":"https:\/\/capacitador.info\/es\/contacto\/","title":{"rendered":"Contacto"},"content":{"rendered":"<p>[et_pb_section fb_built=\u00bb1&#8243; admin_label=\u00bbCenter Aligned Text \u00bb _builder_version=\u00bb3.22&#8243; background_color=\u00bb#f8fbfe\u00bb use_background_color_gradient=\u00bbon\u00bb background_color_gradient_start=\u00bb#262423&#8243; background_color_gradient_end=\u00bb#59a389&#8243; background_color_gradient_direction=\u00bb135deg\u00bb background_image=\u00bbhttps:\/\/capacitador.es\/wp-content\/uploads\/2018\/07\/carles-porcel-coaching-pnl-dbm-valencia-espana.jpg\u00bb background_position=\u00bbcenter_left\u00bb background_blend=\u00bboverlay\u00bb custom_padding=\u00bb5%|0px|5%|0px|false|false\u00bb animation_style=\u00bbzoom\u00bb animation_direction=\u00bbbottom\u00bb animation_intensity_zoom=\u00bb8%\u00bb animation_starting_opacity=\u00bb100%\u00bb][et_pb_row _builder_version=\u00bb3.25&#8243;][et_pb_column type=\u00bb4_4&#8243; _builder_version=\u00bb3.25&#8243; custom_padding=\u00bb|||\u00bb custom_padding__hover=\u00bb|||\u00bb][et_pb_text _builder_version=\u00bb3.27.4&#8243; text_font=\u00bbNunito Sans||||||||\u00bb text_text_color=\u00bb#ffffff\u00bb text_font_size=\u00bb18px\u00bb text_line_height=\u00bb1.8em\u00bb header_font=\u00bbNunito Sans|700|||||||\u00bb header_font_size=\u00bb45px\u00bb header_line_height=\u00bb1.3em\u00bb header_2_font=\u00bb||||||||\u00bb text_orientation=\u00bbcenter\u00bb background_layout=\u00bbdark\u00bb max_width=\u00bb700px\u00bb module_alignment=\u00bbcenter\u00bb header_font_size_tablet=\u00bb\u00bb header_font_size_phone=\u00bb35px\u00bb header_font_size_last_edited=\u00bbon|phone\u00bb]<\/p>\n<h1>CONTACTO<\/h1>\n<p>[\/et_pb_text][et_pb_button button_url=\u00bbtel:\/\/695015569&#8243; button_text=\u00bbLL\u00c1MAME AHORA &#8211; 695 015 569&#8243; button_alignment=\u00bbcenter\u00bb _builder_version=\u00bb4.1&#8243; custom_button=\u00bbon\u00bb button_text_color=\u00bb#ffffff\u00bb button_bg_color=\u00bb#e09900&#8243; button_border_color=\u00bb#e09900&#8243; button_font=\u00bb||||||||\u00bb button_text_size_tablet=\u00bb\u00bb button_text_size_phone=\u00bb18px\u00bb button_text_size_last_edited=\u00bbon|phone\u00bb button_text_size__hover_enabled=\u00bboff\u00bb button_one_text_size__hover_enabled=\u00bboff\u00bb button_two_text_size__hover_enabled=\u00bboff\u00bb button_text_color__hover_enabled=\u00bboff\u00bb button_one_text_color__hover_enabled=\u00bboff\u00bb button_two_text_color__hover_enabled=\u00bboff\u00bb button_border_width__hover_enabled=\u00bboff\u00bb button_one_border_width__hover_enabled=\u00bboff\u00bb button_two_border_width__hover_enabled=\u00bboff\u00bb button_border_color__hover_enabled=\u00bboff\u00bb button_one_border_color__hover_enabled=\u00bboff\u00bb button_two_border_color__hover_enabled=\u00bboff\u00bb button_border_radius__hover_enabled=\u00bboff\u00bb button_one_border_radius__hover_enabled=\u00bboff\u00bb button_two_border_radius__hover_enabled=\u00bboff\u00bb button_letter_spacing__hover_enabled=\u00bboff\u00bb button_one_letter_spacing__hover_enabled=\u00bboff\u00bb button_two_letter_spacing__hover_enabled=\u00bboff\u00bb button_bg_color__hover_enabled=\u00bboff\u00bb button_one_bg_color__hover_enabled=\u00bboff\u00bb button_two_bg_color__hover_enabled=\u00bboff\u00bb][\/et_pb_button][\/et_pb_column][\/et_pb_row][\/et_pb_section][et_pb_section fb_built=\u00bb1&#8243; specialty=\u00bbon\u00bb admin_label=\u00bbsection\u00bb _builder_version=\u00bb3.22&#8243; custom_padding=\u00bb30px|0px|0px|0px\u00bb transparent_background=\u00bboff\u00bb][et_pb_column type=\u00bb1_2&#8243; specialty_columns=\u00bb2&#8243; _builder_version=\u00bb3.25&#8243; custom_padding=\u00bb|||\u00bb parallax__hover=\u00bboff\u00bb parallax_method__hover=\u00bbon\u00bb custom_padding__hover=\u00bb|||\u00bb][et_pb_row_inner _builder_version=\u00bb3.25&#8243;][et_pb_column_inner saved_specialty_column_type=\u00bb1_2&#8243; _builder_version=\u00bb3.25&#8243; custom_padding=\u00bb|||\u00bb parallax__hover=\u00bboff\u00bb parallax_method__hover=\u00bbon\u00bb custom_padding__hover=\u00bb|||\u00bb][et_pb_team_member name=\u00bbCARLES PORCEL\u00bb position=\u00bbDIRECTOR CAPACITADOR.INFO\u00bb image_url=\u00bbhttps:\/\/capacitador.es\/wp-content\/uploads\/2018\/07\/carles-porcel-pnl-dbm-valencia-espana-coach-foto-perfil.png\u00bb icon_color=\u00bb#333333&#8243; admin_label=\u00bbPerson\u00bb _builder_version=\u00bb3.17.1&#8243; header_font=\u00bb||||||||\u00bb header_font_size=\u00bb30px\u00bb header_line_height=\u00bb1.7em\u00bb body_font=\u00bb||||||||\u00bb body_font_size=\u00bb15px\u00bb body_line_height=\u00bb1.4em\u00bb background_size=\u00bbinitial\u00bb background_position=\u00bbtop_left\u00bb background_repeat=\u00bbrepeat\u00bb custom_margin=\u00bb|100px||100px\u00bb custom_margin_tablet=\u00bb|20px||20px\u00bb custom_margin_phone=\u00bb\u00bb custom_margin_last_edited=\u00bbon|phone\u00bb custom_padding=\u00bb40px|40px|40px|40px\u00bb header_font_size_tablet=\u00bb\u00bb header_font_size_phone=\u00bb25px\u00bb header_font_size_last_edited=\u00bbon|phone\u00bb border_width_all=\u00bb0px\u00bb border_color_all=\u00bb#edecec\u00bb border_style_all=\u00bbsolid\u00bb use_border_color=\u00bbon\u00bb border_color=\u00bb#edecec\u00bb border_style=\u00bbsolid\u00bb icon_hover_color=\u00bb#9f9f9f\u00bb icon_color__hover=\u00bb#9f9f9f\u00bb icon_color__hover_enabled=\u00bbon\u00bb]<\/p>\n<p style=\"text-align: left;\"><span style=\"font-weight: 400;\">Formador en habilidades pol\u00edticas y capacitador individual para potenciar el funcionamiento en pol\u00edtica.<br \/><\/span><\/p>\n<p>[\/et_pb_team_member][et_pb_cta title=\u00bbSOLICITA TU CITA\u00bb button_url=\u00bbtel:\/\/695015569&#8243; url_new_window=\u00bbon\u00bb button_text=\u00bbLLAMAR\u00bb _builder_version=\u00bb4.1&#8243; header_font=\u00bb||||||||\u00bb background_color=\u00bb#05a280&#8243; use_background_color_gradient=\u00bbon\u00bb background_color_gradient_start=\u00bb#05a280&#8243; background_color_gradient_end=\u00bb#05a280&#8243; custom_button=\u00bbon\u00bb button_text_color=\u00bb#ffffff\u00bb button_bg_color=\u00bb#e09900&#8243; button_border_color=\u00bb#e09900&#8243; button_font=\u00bb||||||||\u00bb box_shadow_style=\u00bbpreset2&#8243; button_text_size__hover_enabled=\u00bboff\u00bb button_one_text_size__hover_enabled=\u00bboff\u00bb button_two_text_size__hover_enabled=\u00bboff\u00bb button_text_color__hover_enabled=\u00bboff\u00bb button_one_text_color__hover_enabled=\u00bboff\u00bb button_two_text_color__hover_enabled=\u00bboff\u00bb button_border_width__hover_enabled=\u00bboff\u00bb button_one_border_width__hover_enabled=\u00bboff\u00bb button_two_border_width__hover_enabled=\u00bboff\u00bb button_border_color__hover_enabled=\u00bboff\u00bb button_one_border_color__hover_enabled=\u00bboff\u00bb button_two_border_color__hover_enabled=\u00bboff\u00bb button_border_radius__hover_enabled=\u00bboff\u00bb button_one_border_radius__hover_enabled=\u00bboff\u00bb button_two_border_radius__hover_enabled=\u00bboff\u00bb button_letter_spacing__hover_enabled=\u00bboff\u00bb button_one_letter_spacing__hover_enabled=\u00bboff\u00bb button_two_letter_spacing__hover_enabled=\u00bboff\u00bb button_bg_color__hover_enabled=\u00bboff\u00bb button_one_bg_color__hover_enabled=\u00bboff\u00bb button_two_bg_color__hover_enabled=\u00bboff\u00bb]<\/p>\n<h3 style=\"text-align: center;\"><strong>695 015 569<\/strong><\/h3>\n<p>Te atender\u00e9 personalmente en las cuestiones que te interesen.<\/p>\n<p>[\/et_pb_cta][\/et_pb_column_inner][\/et_pb_row_inner][\/et_pb_column][et_pb_column type=\u00bb1_2&#8243; _builder_version=\u00bb3.25&#8243; custom_padding=\u00bb|||\u00bb parallax__hover=\u00bboff\u00bb parallax_method__hover=\u00bbon\u00bb custom_padding__hover=\u00bb|||\u00bb][et_pb_text admin_label=\u00bbText\u00bb _builder_version=\u00bb4.1&#8243; text_line_height=\u00bb1.5em\u00bb background_size=\u00bbinitial\u00bb background_position=\u00bbtop_left\u00bb background_repeat=\u00bbrepeat\u00bb hover_enabled=\u00bb0&#8243; use_border_color=\u00bboff\u00bb border_style=\u00bbsolid\u00bb]<\/p>\n<h1>CONTACTO<\/h1>\n<p>&nbsp;<\/p>\n<p><strong>Correo-e:\u00a0<\/strong>\u00a0<a href=\"&#x6d;&#x61;&#x69;&#108;&#116;o:&#x63;&#x61;&#x72;&#108;&#101;s&#64;&#x63;&#x61;&#x70;&#97;&#99;it&#x61;&#x64;&#x6f;&#114;&#46;in&#x66;&#x6f;\">carles[@]capacitador.info<\/a>.<\/p>\n<p><strong><\/strong><strong>M\u00f3vil:<\/strong> <a href=\"tel:\/\/695015569\" target=\"_blank\" rel=\"noopener noreferrer\">695 015 569<\/a> ( Whatsapp\/Telegram)<\/p>\n<p><strong>Tel\u00e9fono Internacional:<\/strong> <a href=\"tel:\/\/+34695015569\" target=\"_blank\" rel=\"noopener noreferrer\">(00 34) 695 015 569<\/a><\/p>\n<p>&nbsp;<\/p>\n<p><span style=\"color: #008080;\"><strong>Para visitarnos, siempre hay que concertar la visita previamente.<\/strong><\/span><\/p>\n<p><strong><\/strong><\/p>\n<p><strong>Direcci\u00f3n postal e identificaci\u00f3n fiscal<\/strong><\/p>\n<p><strong>Capacitador\u00a0<\/strong>(antes PeNeLers)<br \/> Carles Porcel L\u00f3pez<br \/> Font d&#8217;En Corts, 87<br \/> 46013 Val\u00e8ncia<br \/> Espa\u00f1a<\/p>\n<p><strong>Transporte p\u00fablico<\/strong><\/p>\n<p>Autobuses de la\u00a0<a href=\"http:\/\/www.emtvalencia.es\/geoportal\/\" target=\"_blank\" rel=\"noopener noreferrer\">EMT<\/a>: 14 y 99.<\/p>\n<p><a href=\"http:\/\/www.valenbisi.es\/\">Valenbisi<\/a>\u00a0estaci\u00f3 n\u00ba 48\u00a0 Avda. Antonio Ferrandis-Amado Granell<\/p>\n<p>A 7 min. caminando.<\/p>\n<p>[\/et_pb_text][\/et_pb_column][\/et_pb_section][et_pb_section fb_built=\u00bb1&#8243; admin_label=\u00bbsection\u00bb _builder_version=\u00bb3.22&#8243; custom_padding=\u00bb54px|0px|0|0px|false|false\u00bb transparent_background=\u00bboff\u00bb][et_pb_row use_custom_gutter=\u00bbon\u00bb custom_padding_last_edited=\u00bbon|tablet\u00bb admin_label=\u00bbrow\u00bb _builder_version=\u00bb3.25&#8243; background_size=\u00bbinitial\u00bb background_position=\u00bbtop_left\u00bb background_repeat=\u00bbrepeat\u00bb custom_padding=\u00bb30px|0px|30px|0px\u00bb custom_padding_tablet=\u00bb10px||40px|\u00bb custom_padding_phone=\u00bb\u00bb][et_pb_column type=\u00bb4_4&#8243; _builder_version=\u00bb3.25&#8243; custom_padding=\u00bb|||\u00bb custom_padding__hover=\u00bb|||\u00bb][et_pb_text _builder_version=\u00bb3.27.4&#8243; text_font=\u00bbNunito Sans||||||||\u00bb text_text_color=\u00bb#959baf\u00bb text_font_size=\u00bb16px\u00bb text_line_height=\u00bb1.5em\u00bb header_font=\u00bb||||||||\u00bb header_text_align=\u00bbleft\u00bb header_2_font=\u00bbNunito Sans|700|||||||\u00bb header_2_text_color=\u00bb#535b7c\u00bb header_2_font_size=\u00bb22px\u00bb header_2_line_height=\u00bb1.3em\u00bb text_orientation=\u00bbcenter\u00bb max_width=\u00bb700px\u00bb module_alignment=\u00bbcenter\u00bb]<\/p>\n<h2 style=\"text-align: center;\">Plano de Situaci\u00f3n<\/h2>\n<p>[\/et_pb_text][\/et_pb_column][\/et_pb_row][\/et_pb_section][et_pb_section fb_built=\u00bb1&#8243; fullwidth=\u00bbon\u00bb admin_label=\u00bbsection\u00bb _builder_version=\u00bb3.22&#8243; custom_padding=\u00bb0px|0px|0px|0px\u00bb transparent_background=\u00bboff\u00bb][et_pb_fullwidth_map address=\u00bbCarrer del Marqu\u00e9s de Lozoya, 1, 46013 Val\u00e8ncia, Valencia, Espa\u00f1a\u00bb zoom_level=\u00bb17&#8243; address_lat=\u00bb39.4548082&#8243; address_lng=\u00bb-0.35939529999996&#8243; mouse_wheel=\u00bboff\u00bb admin_label=\u00bbFullwidth Map\u00bb _builder_version=\u00bb3.12.2&#8243;][et_pb_map_pin title=\u00bbCapacitador.info &#8211; Carles Porcel\u00bb pin_address=\u00bbCarrer del Marqu\u00e9s de Lozoya, 1, 46013 Val\u00e8ncia, Valencia, Espa\u00f1a\u00bb pin_address_lat=\u00bb39.4548082&#8243; pin_address_lng=\u00bb-0.35939529999996&#8243; _builder_version=\u00bb3.10.1&#8243;]Marqu\u00e9s de Lozoya, 1\u00a0\u00a0 1-1 (Delante del n\u00ba 9 de Institut Obrer de Val\u00e8ncia)<br \/>\n46013 Val\u00e8ncia<\/p>\n<p>T: 963 343 190<br \/>\nM: 695 015 569<br \/>\n[\/et_pb_map_pin][\/et_pb_fullwidth_map][\/et_pb_section][et_pb_section fb_built=\u00bb1&#8243; admin_label=\u00bbsection\u00bb _builder_version=\u00bb3.22&#8243; transparent_background=\u00bboff\u00bb][et_pb_row column_structure=\u00bb2_3,1_3&#8243; admin_label=\u00bbCTA Row\u00bb _builder_version=\u00bb3.25&#8243; background_color_gradient_direction=\u00bb243deg\u00bb custom_padding=\u00bb32px|0px||0px\u00bb border_radii=\u00bbon|4px|4px|4px|4px\u00bb saved_tabs=\u00bball\u00bb][et_pb_column type=\u00bb2_3&#8243; _builder_version=\u00bb3.25&#8243; background_color=\u00bb#05a280&#8243; use_background_color_gradient=\u00bbon\u00bb background_color_gradient_start=\u00bb#05a280&#8243; background_color_gradient_end=\u00bb#1f9378&#8243; background_color_gradient_direction=\u00bb45deg\u00bb custom_padding=\u00bb30px|30px|30px|30px\u00bb custom_padding_tablet=\u00bb\u00bb custom_padding_phone=\u00bb|10px||10px\u00bb custom_padding_last_edited=\u00bbon|phone\u00bb padding_phone=\u00bb|10px||10px\u00bb padding_last_edited=\u00bbon|phone\u00bb custom_padding__hover=\u00bb|||\u00bb][et_pb_text _builder_version=\u00bb3.27.4&#8243; text_font=\u00bbNunito Sans||||||||\u00bb text_text_color=\u00bb#ffffff\u00bb text_line_height=\u00bb1.2em\u00bb header_font=\u00bbNunito Sans||||||||\u00bb header_text_align=\u00bbleft\u00bb header_text_color=\u00bb#ffffff\u00bb header_font_size=\u00bb35px\u00bb header_line_height=\u00bb1.4em\u00bb header_2_font=\u00bbNunito Sans|700|||||||\u00bb header_2_text_align=\u00bbleft\u00bb header_2_text_color=\u00bb#ffffff\u00bb header_2_font_size=\u00bb35px\u00bb header_2_line_height=\u00bb1.4em\u00bb custom_margin=\u00bb||| \u00bb header_2_font_size_tablet=\u00bb\u00bb header_2_font_size_phone=\u00bb25px\u00bb header_2_font_size_last_edited=\u00bbon|phone\u00bb]<\/p>\n<h2>Ap\u00fantate a mi bolet\u00edn<\/h2>\n<p>Recibir\u00e1s informaci\u00f3n muy interesante que te ayudar\u00e1 a:<\/p>\n<p>* Prepararte como candidato\/a y a mejorar como cargo institucional\/org\u00e1nico.<br \/> * Comunicar de forma natural y fresca.<br \/> * Ganar capacidad de organizaci\u00f3n y liderazgo.<br \/> * Superar miedos, incomodidades, etc.<br \/> * Desconectarte en tu vida privada y ganar calidad de vida.<\/p>\n<p>As\u00ed como informaci\u00f3n sobre cursos, talleres, charlas&#8230;<\/p>\n<p>[\/et_pb_text][et_pb_code]\n<div class=\"wpcf7 no-js\" id=\"wpcf7-f32126-o1\" lang=\"\" dir=\"ltr\" data-wpcf7-id=\"32126\">\n<div class=\"screen-reader-response\"><p role=\"status\" aria-live=\"polite\" aria-atomic=\"true\"><\/p> <ul><\/ul><\/div>\n<form action=\"\/es\/wp-json\/wp\/v2\/pages\/32081#wpcf7-f32126-o1\" method=\"post\" class=\"wpcf7-form init\" aria-label=\"Formulario de contacto\" novalidate=\"novalidate\" data-status=\"init\">\n<fieldset class=\"hidden-fields-container\"><input type=\"hidden\" name=\"_wpcf7\" value=\"32126\" \/><input type=\"hidden\" name=\"_wpcf7_version\" value=\"6.1.5\" \/><input type=\"hidden\" name=\"_wpcf7_locale\" value=\"\" \/><input type=\"hidden\" name=\"_wpcf7_unit_tag\" value=\"wpcf7-f32126-o1\" \/><input type=\"hidden\" name=\"_wpcf7_container_post\" value=\"0\" \/><input type=\"hidden\" name=\"_wpcf7_posted_data_hash\" value=\"\" \/><input type=\"hidden\" name=\"_wpcf7_recaptcha_response\" value=\"\" \/>\n<\/fieldset>\n<font color=#ffffff>\n\t<p><span class=\"wpcf7-form-control-wrap\" data-name=\"your-name\"><input size=\"40\" maxlength=\"400\" class=\"wpcf7-form-control wpcf7-text wpcf7-validates-as-required\" aria-required=\"true\" aria-invalid=\"false\" placeholder=\"Nom\/Nombre*\" value=\"\" type=\"text\" name=\"your-name\" \/><\/span>\n\t<\/p>\n\t<p><span class=\"wpcf7-form-control-wrap\" data-name=\"your-email\"><input size=\"40\" maxlength=\"400\" class=\"wpcf7-form-control wpcf7-email wpcf7-validates-as-required wpcf7-text wpcf7-validates-as-email\" aria-required=\"true\" aria-invalid=\"false\" placeholder=\"Correu\/Email*\" value=\"\" type=\"email\" name=\"your-email\" \/><\/span>\n\t<\/p>\n\t<p>\n\t\t<font color=#ffffff>Idioma Butllet\u00ed\/Bolet\u00edn*\n\t\t<\/font>\n\t<\/p>\n\t<p><span class=\"wpcf7-form-control-wrap\" data-name=\"Idioma\"><select class=\"wpcf7-form-control wpcf7-select wpcf7-validates-as-required\" aria-required=\"true\" aria-invalid=\"false\" name=\"Idioma\"><option value=\"\">&#8212;Por favor, elige una opci\u00f3n&#8212;<\/option><option value=\"Castellano\">Castellano<\/option><option value=\"Valenci\u00e0\">Valenci\u00e0<\/option><\/select><\/span>\n\t<\/p>\n\t<p><span class=\"wpcf7-form-control-wrap\" data-name=\"telefono\"><input size=\"40\" maxlength=\"400\" class=\"wpcf7-form-control wpcf7-text\" aria-invalid=\"false\" placeholder=\"Tel\u00e8fon\/Tel\u00e9fono\" value=\"\" type=\"text\" name=\"telefono\" \/><\/span>\n\t<\/p>\n\t<p><span class=\"wpcf7-form-control-wrap\" data-name=\"acceptance-718\"><span class=\"wpcf7-form-control wpcf7-acceptance\"><span class=\"wpcf7-list-item\"><label><input type=\"checkbox\" name=\"acceptance-718\" value=\"1\" aria-invalid=\"false\" \/><span class=\"wpcf7-list-item-label\">Acepto la <a target=\u201c_blank\u201d href=\"http:\/\/capacitador.info\/politica-privacidad\" style=\"color: black\"> Pol\u00edtica de Privacidad <\/a><\/span><\/label><\/span><\/span><\/span>\n\t<\/p>\n\t<p><input class=\"wpcf7-form-control wpcf7-submit has-spinner\" type=\"submit\" value=\"Enviar\" \/>\n\t<\/p>\n<\/font><p style=\"display: none !important;\" class=\"akismet-fields-container\" data-prefix=\"_wpcf7_ak_\"><label>&#916;<textarea name=\"_wpcf7_ak_hp_textarea\" cols=\"45\" rows=\"8\" maxlength=\"100\"><\/textarea><\/label><input type=\"hidden\" id=\"ak_js_1\" name=\"_wpcf7_ak_js\" value=\"160\"\/><script>document.getElementById( \"ak_js_1\" ).setAttribute( \"value\", ( new Date() ).getTime() );<\/script><\/p><div class=\"wpcf7-response-output\" aria-hidden=\"true\"><\/div>\n<\/form>\n<\/div>\n[\/et_pb_code][et_pb_toggle title=\u00bbInformaci\u00f3n b\u00e1sica sobre protecci\u00f3n de datos\u00bb icon_color=\u00bb#ffffff\u00bb admin_label=\u00bbDesplegable Info b\u00e1sica protecci\u00f3n datos\u00bb _builder_version=\u00bb3.12.2&#8243; title_text_color=\u00bb#ffffff\u00bb title_font_size=\u00bb12px\u00bb body_text_color=\u00bb#ffffff\u00bb body_font_size=\u00bb11px\u00bb background_color=\u00bb#05a280&#8243; max_width=\u00bb75%\u00bb max_width_tablet=\u00bb\u00bb max_width_phone=\u00bb\u00bb max_width_last_edited=\u00bbon|phone\u00bb title_font_size_tablet=\u00bb\u00bb title_font_size_phone=\u00bb11px\u00bb title_font_size_last_edited=\u00bbon|phone\u00bb body_font_size_tablet=\u00bb\u00bb body_font_size_phone=\u00bb\u00bb body_font_size_last_edited=\u00bbon|phone\u00bb]<b>Responsable:<\/b>\u00a0Carles Porcel L\u00f3pez<br \/>\n<b>Finalidad:<\/b>\u00a0Informar regularmente de nuestras actividades.<br \/>\n<b>Legitimaci\u00f3n:<\/b>\u00a0Consentimiento expreso del usuario a trav\u00e9s de la selecci\u00f3n de la casilla check de env\u00edo del formulario, haber rellenado un formulario en papel o por llamada telef\u00f3nica. Consentimiento del interesado.<br \/>\n<b>Derechos:<\/b>\u00a0Podr\u00e1 ejercitar los derechos de acceso, rectificaci\u00f3n, supresi\u00f3n, oposici\u00f3n, portabilidad y retirada de consentimiento de sus datos personales en la direcci\u00f3n de correo electr\u00f3nico ca&#114;&#108;&#x65;&#x73;&#x40;&#x63;ap&#97;&#99;&#x69;&#x74;&#x61;&#x64;or&#46;&#105;&#110;&#x66;&#x6f;<br \/>\n[\/et_pb_toggle][\/et_pb_column][et_pb_column type=\u00bb1_3&#8243; _builder_version=\u00bb3.25&#8243; custom_padding=\u00bb|||\u00bb custom_padding__hover=\u00bb|||\u00bb][\/et_pb_column][\/et_pb_row][\/et_pb_section]<\/p>\n","protected":false},"excerpt":{"rendered":"<p>CONTACTO Formador en habilidades pol\u00edticas y capacitador individual para potenciar el funcionamiento en pol\u00edtica.695 015 569 Te atender\u00e9 personalmente en las cuestiones que te interesen.CONTACTO &nbsp; Correo-e:\u00a0\u00a0carles[@]capacitador.info. M\u00f3vil: 695 015 569 ( Whatsapp\/Telegram) Tel\u00e9fono Internacional: (00 34) 695 015 569 &nbsp; Para visitarnos, siempre hay que concertar la visita previamente. Direcci\u00f3n postal e identificaci\u00f3n fiscal [&hellip;]<\/p>\n","protected":false},"author":2,"featured_media":0,"parent":0,"menu_order":0,"comment_status":"closed","ping_status":"closed","template":"","meta":{"_et_pb_use_builder":"on","_et_pb_old_content":"","_et_gb_content_width":"","_joinchat":[],"footnotes":""},"class_list":["post-32081","page","type-page","status-publish","hentry"],"aioseo_notices":[],"_links":{"self":[{"href":"https:\/\/capacitador.info\/es\/wp-json\/wp\/v2\/pages\/32081","targetHints":{"allow":["GET"]}}],"collection":[{"href":"https:\/\/capacitador.info\/es\/wp-json\/wp\/v2\/pages"}],"about":[{"href":"https:\/\/capacitador.info\/es\/wp-json\/wp\/v2\/types\/page"}],"author":[{"embeddable":true,"href":"https:\/\/capacitador.info\/es\/wp-json\/wp\/v2\/users\/2"}],"replies":[{"embeddable":true,"href":"https:\/\/capacitador.info\/es\/wp-json\/wp\/v2\/comments?post=32081"}],"version-history":[{"count":0,"href":"https:\/\/capacitador.info\/es\/wp-json\/wp\/v2\/pages\/32081\/revisions"}],"wp:attachment":[{"href":"https:\/\/capacitador.info\/es\/wp-json\/wp\/v2\/media?parent=32081"}],"curies":[{"name":"wp","href":"https:\/\/api.w.org\/{rel}","templated":true}]}}