{"id":31974,"date":"2018-10-14T10:45:12","date_gmt":"2018-10-14T08:45:12","guid":{"rendered":"https:\/\/capacitador.info\/comunicacion-y-relaciones\/"},"modified":"2020-04-27T17:57:10","modified_gmt":"2020-04-27T15:57:10","slug":"comunicacion-y-relaciones","status":"publish","type":"page","link":"https:\/\/capacitador.info\/es\/comunicacion-y-relaciones\/","title":{"rendered":"Comunicaci\u00f3n y relaciones"},"content":{"rendered":"<p>[et_pb_section fb_built=\u00bb1&#8243; admin_label=\u00bbCenter Aligned Text \u00bb _builder_version=\u00bb3.22&#8243; background_color=\u00bb#f8fbfe\u00bb use_background_color_gradient=\u00bbon\u00bb background_color_gradient_start=\u00bb#262423&#8243; background_color_gradient_end=\u00bb#59a389&#8243; background_color_gradient_direction=\u00bb135deg\u00bb background_image=\u00bbhttps:\/\/capacitador.info\/wp-content\/uploads\/2018\/08\/comunicacio-i-relacions.jpg\u00bb background_position=\u00bbbottom_left\u00bb background_blend=\u00bboverlay\u00bb custom_padding=\u00bb5%|0px|5%|0px|false|false\u00bb animation_style=\u00bbzoom\u00bb animation_direction=\u00bbbottom\u00bb animation_intensity_zoom=\u00bb8%\u00bb animation_starting_opacity=\u00bb100%\u00bb][et_pb_row _builder_version=\u00bb3.25&#8243;][et_pb_column type=\u00bb4_4&#8243; _builder_version=\u00bb3.25&#8243; custom_padding=\u00bb|||\u00bb custom_padding__hover=\u00bb|||\u00bb][et_pb_text _builder_version=\u00bb3.27.4&#8243; text_font=\u00bbNunito Sans||||||||\u00bb text_text_color=\u00bb#ffffff\u00bb text_font_size=\u00bb18px\u00bb text_line_height=\u00bb1.8em\u00bb header_font=\u00bbNunito Sans|700|||||||\u00bb header_font_size=\u00bb45px\u00bb header_line_height=\u00bb1.3em\u00bb header_2_font=\u00bb||||||||\u00bb text_orientation=\u00bbcenter\u00bb background_layout=\u00bbdark\u00bb max_width=\u00bb700px\u00bb module_alignment=\u00bbcenter\u00bb header_font_size_tablet=\u00bb\u00bb header_font_size_phone=\u00bb35px\u00bb header_font_size_last_edited=\u00bbon|phone\u00bb]<\/p>\n<h1>Comunicaci\u00f3n y relaciones<\/h1>\n<p>Desarrollar una lenguaje propio. Aprender a hablar en diferentes contextos para comunicar con precisi\u00f3n seg\u00fan el p\u00fablico. C\u00f3mo conectar con el vecindario. Aprender a hablar para que el vecindario te entienda.<br \/>\n[\/et_pb_text][et_pb_button button_url=\u00bbtel:\/\/695 015 569&#8243; button_text=\u00bbLl\u00e1mame &#8211; 695 015 569&#8243; button_alignment=\u00bbcenter\u00bb _builder_version=\u00bb4.1&#8243; custom_button=\u00bbon\u00bb button_text_color=\u00bb#ffffff\u00bb button_bg_color=\u00bb#e09900&#8243; button_border_color=\u00bb#e09900&#8243; button_font=\u00bb||||||||\u00bb hover_enabled=\u00bb0&#8243; button_text_size__hover_enabled=\u00bboff\u00bb button_one_text_size__hover_enabled=\u00bboff\u00bb button_two_text_size__hover_enabled=\u00bboff\u00bb button_text_color__hover_enabled=\u00bboff\u00bb button_one_text_color__hover_enabled=\u00bboff\u00bb button_two_text_color__hover_enabled=\u00bboff\u00bb button_border_width__hover_enabled=\u00bboff\u00bb button_one_border_width__hover_enabled=\u00bboff\u00bb button_two_border_width__hover_enabled=\u00bboff\u00bb button_border_color__hover_enabled=\u00bboff\u00bb button_one_border_color__hover_enabled=\u00bboff\u00bb button_two_border_color__hover_enabled=\u00bboff\u00bb button_border_radius__hover_enabled=\u00bboff\u00bb button_one_border_radius__hover_enabled=\u00bboff\u00bb button_two_border_radius__hover_enabled=\u00bboff\u00bb button_letter_spacing__hover_enabled=\u00bboff\u00bb button_one_letter_spacing__hover_enabled=\u00bboff\u00bb button_two_letter_spacing__hover_enabled=\u00bboff\u00bb button_bg_color__hover_enabled=\u00bboff\u00bb button_one_bg_color__hover_enabled=\u00bboff\u00bb button_two_bg_color__hover_enabled=\u00bboff\u00bb][\/et_pb_button][\/et_pb_column][\/et_pb_row][\/et_pb_section][et_pb_section fb_built=\u00bb1&#8243; admin_label=\u00bbFeatures CTA Section\u00bb _builder_version=\u00bb3.22&#8243; custom_padding=\u00bb0|0px|0|0px|false|false\u00bb saved_tabs=\u00bball\u00bb][et_pb_row admin_label=\u00bbLeft Sided Image\u00bb _builder_version=\u00bb3.25&#8243; custom_padding=\u00bb60px|0px|0|0px|false|false\u00bb column_structure=\u00bb1_2,1_2&#8243;][et_pb_column type=\u00bb1_2&#8243; _builder_version=\u00bb3.25&#8243; custom_padding=\u00bb|||\u00bb custom_padding__hover=\u00bb|||\u00bb][et_pb_image src=\u00bbhttps:\/\/capacitador.info\/wp-content\/uploads\/2018\/08\/comunicacio-relacions-taller-curs.jpg\u00bb align_tablet=\u00bbcenter\u00bb align_last_edited=\u00bbon|desktop\u00bb _builder_version=\u00bb3.23&#8243; max_width=\u00bb60%\u00bb module_alignment=\u00bbright\u00bb animation_style=\u00bbzoom\u00bb animation_direction=\u00bbright\u00bb animation_intensity_zoom=\u00bb5%\u00bb][\/et_pb_image][\/et_pb_column][et_pb_column type=\u00bb1_2&#8243; _builder_version=\u00bb3.25&#8243; custom_padding=\u00bb|||\u00bb custom_padding__hover=\u00bb|||\u00bb][et_pb_text _builder_version=\u00bb3.27.4&#8243; text_font=\u00bbNunito Sans||||||||\u00bb text_text_color=\u00bb#959baf\u00bb text_font_size=\u00bb16px\u00bb text_line_height=\u00bb1.4em\u00bb header_font=\u00bb||||||||\u00bb header_text_align=\u00bbleft\u00bb header_2_font=\u00bbNunito Sans|700|||||||\u00bb header_2_text_color=\u00bb#535b7c\u00bb header_2_font_size=\u00bb35px\u00bb header_2_line_height=\u00bb1.3em\u00bb header_3_font=\u00bb||||||||\u00bb header_3_text_color=\u00bb#53567c\u00bb max_width=\u00bb700px\u00bb module_alignment=\u00bbcenter\u00bb]<\/p>\n<h3>Comunicaci\u00f3n y relaciones<\/h3>\n<p>La comunicaci\u00f3n, en la doble vertiente del uso del lenguaje y de relacionarse con la ciudadan\u00eda, es un aspecto clave de la pol\u00edtica.<\/p>\n<p>Cada vez est\u00e1 m\u00e1s claro que el uso del lenguaje no es neutro. Y que, especialmente en la pol\u00edtica municipal, una relaci\u00f3n estrechada con el vecindario es esencial para conseguir unos buenos resultados electorales.<\/p>\n<p>Y si se trabaja adecuadamente, la fidelizaci\u00f3n de votantes.<br \/>\n[\/et_pb_text][et_pb_blurb title=\u00bb%22Apropiarnos del mundo de las ideas, porque las nuestras, sean las ideas del  mundo%22&#8243; admin_label=\u00bbTestimonial\u00bb _builder_version=\u00bb3.17.1&#8243; header_level=\u00bbh2&#8243; header_font=\u00bbNunito Sans|700|||||||\u00bb header_text_color=\u00bb#535b7c\u00bb header_font_size=\u00bb15px\u00bb header_line_height=\u00bb1.4em\u00bb body_font=\u00bbNunito Sans|600|||||||\u00bb body_text_color=\u00bb#959baf\u00bb background_image=\u00bbhttp:\/\/de2e6rslg.preview.infomaniak.website\/wp-content\/uploads\/2018\/07\/quote-bg.png\u00bb background_size=\u00bbinitial\u00bb text_orientation=\u00bbcenter\u00bb custom_padding=\u00bb10px||10px|\u00bb box_shadow_style=\u00bbpreset2&#8243;]- Antonio Gramsci.<br \/>\n[\/et_pb_blurb][\/et_pb_column][\/et_pb_row][et_pb_row admin_label=\u00bbLeft Sided Image\u00bb _builder_version=\u00bb3.25&#8243; custom_padding=\u00bb60px|0px|30px|0|false|false\u00bb column_structure=\u00bb1_2,1_2&#8243;][et_pb_column type=\u00bb1_2&#8243; _builder_version=\u00bb3.25&#8243; custom_padding=\u00bb|||\u00bb custom_padding__hover=\u00bb|||\u00bb][et_pb_text _builder_version=\u00bb3.27.4&#8243; text_font=\u00bbNunito Sans||||||||\u00bb text_text_color=\u00bb#959baf\u00bb text_font_size=\u00bb16px\u00bb text_line_height=\u00bb1.4em\u00bb header_font=\u00bb||||||||\u00bb header_text_align=\u00bbleft\u00bb header_2_font=\u00bbNunito Sans|700|||||||\u00bb header_2_text_color=\u00bb#535b7c\u00bb header_2_font_size=\u00bb35px\u00bb header_2_line_height=\u00bb1.3em\u00bb header_3_font=\u00bb||||||||\u00bb header_3_text_color=\u00bb#53567c\u00bb max_width=\u00bb700px\u00bb module_alignment=\u00bbcenter\u00bb]<\/p>\n<h3>C\u00f3mo funciona el lenguaje<\/h3>\n<p>Tradicionalmente, los pol\u00edticos progresistas, verdes y feministas han tenido una serie de prejuicios sobre el lenguaje, que los ha apartado de usarlo \u00fatilmente.<\/p>\n<p>Ling\u00fcistas como George Lakoff han puesto en primer plano la importancia de conocer las connotaciones impl\u00edcitas del lenguaje para reforzar los movimientos progresistas.<\/p>\n<p>Afortunadamente, cada vez m\u00e1s, estas corrientes ideol\u00f3gicas se interesan en como utilizar el lenguaje <strong>para llegar m\u00e1s f\u00e1cilmente a la audiencia y conseguir resultados electorales y sociales efectivos.<\/strong><br \/>\n[\/et_pb_text][\/et_pb_column][et_pb_column type=\u00bb1_2&#8243; _builder_version=\u00bb3.25&#8243; custom_padding=\u00bb|||\u00bb custom_padding__hover=\u00bb|||\u00bb][et_pb_text _builder_version=\u00bb3.27.4&#8243; text_font=\u00bbNunito Sans||||||||\u00bb text_text_color=\u00bb#959baf\u00bb text_font_size=\u00bb16px\u00bb text_line_height=\u00bb1.4em\u00bb header_font=\u00bb||||||||\u00bb header_text_align=\u00bbleft\u00bb header_2_font=\u00bbNunito Sans|700|||||||\u00bb header_2_text_color=\u00bb#535b7c\u00bb header_2_font_size=\u00bb35px\u00bb header_2_line_height=\u00bb1.3em\u00bb header_3_font=\u00bb||||||||\u00bb header_3_text_color=\u00bb#53567c\u00bb max_width=\u00bb700px\u00bb module_alignment=\u00bbcenter\u00bb]<\/p>\n<h3>Comunicaci\u00f3n verde<\/h3>\n<p>Hay una tendencia hist\u00f3rica en los partidos verdes y organizaciones ecologistas a enfocarse en los desastres, en la exterminaci\u00f3n de especies, etc. Enfoque que se ha demostrado que no funciona.<\/p>\n<p>Hay diferentes investigaciones <strong>emp\u00edricas<\/strong> que han comprobado c\u00f3mo se puede comunicar de <strong>forma efectiva<\/strong> el cambio clim\u00e1tico, la defensa de la biodiversidad, etc.<\/p>\n<p>Gracias a mi metodolog\u00eda, puedo ayudar a los participantes a desarrollar habilidades y actitudes que mejoran su capacidad de comunicaci\u00f3n, haciendo que el contenido sea significativo para el vecindario.<br \/>\n[\/et_pb_text][\/et_pb_column][\/et_pb_row][et_pb_row admin_label=\u00bbLeft Sided Image\u00bb _builder_version=\u00bb3.25&#8243; custom_padding=\u00bb60px|0px|30px|0|false|false\u00bb column_structure=\u00bb1_2,1_2&#8243;][et_pb_column type=\u00bb1_2&#8243; _builder_version=\u00bb3.25&#8243; custom_padding=\u00bb|||\u00bb custom_padding__hover=\u00bb|||\u00bb][et_pb_text _builder_version=\u00bb3.27.4&#8243; text_font=\u00bbNunito Sans||||||||\u00bb text_text_color=\u00bb#959baf\u00bb text_font_size=\u00bb16px\u00bb text_line_height=\u00bb1.4em\u00bb header_font=\u00bb||||||||\u00bb header_text_align=\u00bbleft\u00bb header_2_font=\u00bbNunito Sans|700|||||||\u00bb header_2_text_color=\u00bb#535b7c\u00bb header_2_font_size=\u00bb35px\u00bb header_2_line_height=\u00bb1.3em\u00bb header_3_font=\u00bb||||||||\u00bb header_3_text_color=\u00bb#53567c\u00bb max_width=\u00bb700px\u00bb module_alignment=\u00bbcenter\u00bb]<\/p>\n<h3>Relacionarse con el vecindario<\/h3>\n<p>Un partido pol\u00edtico que sabe mantener y promover un f\u00e9rtil contacto con las vecinas y vecinos supone una fidelizaci\u00f3n de los votantes.<\/p>\n<p>Ahora bien, un impedimento es la tendencia a soltar \u00absermones\u00bb. Para conseguir la fidelizaci\u00f3n, hay una habilidad fundamental: saber escuchar para saber qu\u00e9 es el que valora la gente, conocer cu\u00e1l es su percepci\u00f3n y ayudarlos a identificar el que quieren.<\/p>\n<blockquote><p><span style=\"color: #05a280;\"><em>La desafecci\u00f3n de las personas votantes, a menudo viene para no sentirse escuchados, viene de sentirse ignorados.<\/em><\/span><\/p><\/blockquote>\n<p>[\/et_pb_text][\/et_pb_column][et_pb_column type=\u00bb1_2&#8243; _builder_version=\u00bb3.25&#8243; custom_padding=\u00bb|||\u00bb custom_padding__hover=\u00bb|||\u00bb][et_pb_text _builder_version=\u00bb3.27.4&#8243; text_font=\u00bbNunito Sans||||||||\u00bb text_text_color=\u00bb#959baf\u00bb text_font_size=\u00bb16px\u00bb text_line_height=\u00bb1.4em\u00bb header_font=\u00bb||||||||\u00bb header_text_align=\u00bbleft\u00bb header_2_font=\u00bbNunito Sans|700|||||||\u00bb header_2_text_color=\u00bb#535b7c\u00bb header_2_font_size=\u00bb35px\u00bb header_2_line_height=\u00bb1.3em\u00bb header_3_font=\u00bb||||||||\u00bb header_3_text_color=\u00bb#53567c\u00bb max_width=\u00bb700px\u00bb module_alignment=\u00bbcenter\u00bb]<\/p>\n<h3>Algunas \u00e1reas que son \u00fatiles para fomentar la fidelizaci\u00f3n:<\/h3>\n<ul>\n<li>Potenciar las capacidades de escucha proactiva.<\/li>\n<li>Identificar personas prescriptoras del barrio.<\/li>\n<li>Crear redes sociales personales (cara a cara).<\/li>\n<li>Crear relaciones de confianza en el barrio.<\/li>\n<li>Comunicar adecuadamente las consecuciones de los regidores (en la oposici\u00f3n\/gobierno) para que la ciudadan\u00eda las valoro.<\/li>\n<li>Desarrollar habilidades sociales.<\/li>\n<li>Superar \u00abla superioridad moral de la izquierda\u00bb<\/li>\n<li>Como organizar encuentros fruct\u00edferos con votantes.<\/li>\n<\/ul>\n<p>[\/et_pb_text][\/et_pb_column][\/et_pb_row][\/et_pb_section][et_pb_section fb_built=\u00bb1&#8243; admin_label=\u00bbTestimonial\u00bb _builder_version=\u00bb3.22&#8243; custom_padding=\u00bb0|0px|50px|0px|false|false\u00bb][et_pb_row admin_label=\u00bbSection Title\u00bb _builder_version=\u00bb3.25&#8243; custom_margin=\u00bb|||\u00bb custom_padding=\u00bb40px|0px|0|0px|false|false\u00bb locked=\u00bboff\u00bb][et_pb_column type=\u00bb4_4&#8243; _builder_version=\u00bb3.25&#8243; custom_padding=\u00bb|||\u00bb custom_padding__hover=\u00bb|||\u00bb][et_pb_cta title=\u00bbAtenci\u00f3n personalizada\u00bb button_url=\u00bbtel:\/\/695015569&#8243; url_new_window=\u00bbon\u00bb button_text=\u00bbInf\u00f3rmate ahora &#8211; 695 015 569&#8243; _builder_version=\u00bb4.1&#8243; header_font=\u00bb||||||||\u00bb background_color=\u00bb#05a280&#8243; use_background_color_gradient=\u00bbon\u00bb background_color_gradient_start=\u00bb#05a280&#8243; background_color_gradient_end=\u00bb#05a280&#8243; custom_button=\u00bbon\u00bb button_text_color=\u00bb#ffffff\u00bb button_bg_color=\u00bb#e09900&#8243; button_border_color=\u00bb#e09900&#8243; button_font=\u00bb||||||||\u00bb hover_enabled=\u00bb0&#8243; box_shadow_style=\u00bbpreset2&#8243; button_text_size__hover_enabled=\u00bboff\u00bb button_one_text_size__hover_enabled=\u00bboff\u00bb button_two_text_size__hover_enabled=\u00bboff\u00bb button_text_color__hover_enabled=\u00bboff\u00bb button_one_text_color__hover_enabled=\u00bboff\u00bb button_two_text_color__hover_enabled=\u00bboff\u00bb button_border_width__hover_enabled=\u00bboff\u00bb button_one_border_width__hover_enabled=\u00bboff\u00bb button_two_border_width__hover_enabled=\u00bboff\u00bb button_border_color__hover_enabled=\u00bboff\u00bb button_one_border_color__hover_enabled=\u00bboff\u00bb button_two_border_color__hover_enabled=\u00bboff\u00bb button_border_radius__hover_enabled=\u00bboff\u00bb button_one_border_radius__hover_enabled=\u00bboff\u00bb button_two_border_radius__hover_enabled=\u00bboff\u00bb button_letter_spacing__hover_enabled=\u00bboff\u00bb button_one_letter_spacing__hover_enabled=\u00bboff\u00bb button_two_letter_spacing__hover_enabled=\u00bboff\u00bb button_bg_color__hover_enabled=\u00bboff\u00bb button_one_bg_color__hover_enabled=\u00bboff\u00bb button_two_bg_color__hover_enabled=\u00bboff\u00bb]<\/p>\n<h4><strong>Telefon\u00e9ame o escr\u00edbeme al  <a href=\"tel:\/\/695015569\" target=\"_blank\" rel=\"noopener noreferrer\">695 015 569<\/a><\/strong><\/h4>\n<p><strong>Satisfacer\u00e9 tu curiosidad.<br \/><\/strong><\/p>\n<p>[\/et_pb_cta][\/et_pb_column][\/et_pb_row][\/et_pb_section][et_pb_section fb_built=\u00bb1&#8243; admin_label=\u00bbGet Started CTA\u00bb _builder_version=\u00bb3.22&#8243; background_color=\u00bb#F7F7F7&#8243; custom_padding=\u00bb0px|0px|100px|0px\u00bb box_shadow_style=\u00bbpreset3&#8243; box_shadow_vertical=\u00bb160px\u00bb box_shadow_blur=\u00bb0px\u00bb box_shadow_spread=\u00bb-80px\u00bb box_shadow_color=\u00bb#ffffff\u00bb box_shadow_position=\u00bbinner\u00bb saved_tabs=\u00bball\u00bb][\/et_pb_section]<\/p>\n","protected":false},"excerpt":{"rendered":"<p>Comunicaci\u00f3n y relaciones Desarrollar una lenguaje propio. Aprender a hablar en diferentes contextos para comunicar con precisi\u00f3n seg\u00fan el p\u00fablico. C\u00f3mo conectar con el vecindario. Aprender a hablar para que el vecindario te entienda. Comunicaci\u00f3n y relaciones La comunicaci\u00f3n, en la doble vertiente del uso del lenguaje y de relacionarse con la ciudadan\u00eda, es un [&hellip;]<\/p>\n","protected":false},"author":1,"featured_media":0,"parent":0,"menu_order":0,"comment_status":"closed","ping_status":"closed","template":"","meta":{"_et_pb_use_builder":"on","_et_pb_old_content":"","_et_gb_content_width":"","_joinchat":[],"footnotes":""},"class_list":["post-31974","page","type-page","status-publish","hentry"],"aioseo_notices":[],"_links":{"self":[{"href":"https:\/\/capacitador.info\/es\/wp-json\/wp\/v2\/pages\/31974","targetHints":{"allow":["GET"]}}],"collection":[{"href":"https:\/\/capacitador.info\/es\/wp-json\/wp\/v2\/pages"}],"about":[{"href":"https:\/\/capacitador.info\/es\/wp-json\/wp\/v2\/types\/page"}],"author":[{"embeddable":true,"href":"https:\/\/capacitador.info\/es\/wp-json\/wp\/v2\/users\/1"}],"replies":[{"embeddable":true,"href":"https:\/\/capacitador.info\/es\/wp-json\/wp\/v2\/comments?post=31974"}],"version-history":[{"count":0,"href":"https:\/\/capacitador.info\/es\/wp-json\/wp\/v2\/pages\/31974\/revisions"}],"wp:attachment":[{"href":"https:\/\/capacitador.info\/es\/wp-json\/wp\/v2\/media?parent=31974"}],"curies":[{"name":"wp","href":"https:\/\/api.w.org\/{rel}","templated":true}]}}